{"id":12,"date":"2022-09-29T17:29:26","date_gmt":"2022-09-29T17:29:26","guid":{"rendered":"https:\/\/jamesgriffin.ca\/?page_id=12"},"modified":"2022-10-11T07:48:09","modified_gmt":"2022-10-11T14:48:09","slug":"services","status":"publish","type":"page","link":"https:\/\/jamesgriffin.ca\/fr\/services\/","title":{"rendered":"Services"},"content":{"rendered":"<h1 class=\" translation-block\"><span class=\"title-text pp-primary-title\">Services de plomberie et de chauffage - <\/span> <span class=\"title-text pp-secondary-title\">Montr\u00e9al<\/span><\/h1>\n\t\t\t<p>James Griffin &amp; Son vous offre des services de plomberie et de chauffage de meilleure qualit\u00e9 dans la r\u00e9gion de Montr\u00e9al.<\/p>\t\t\n\t\t<h2>\n\t\t\tFiez-vous sur nous pour les services suivants :\n\t\t<\/h2>\n\t\t\t<ul><li>R\u00e9paration de plomberie residentielle<\/li><li>R\u00e9novations r\u00e9sidentielles<\/li><li>Installation et r\u00e9paration de robinets haut de gamme<\/li><li>R\u00e9paration de robinets antiques<\/li><li>Service de tous les types d'appareils de plomberie r\u00e9sidentiel (toilettes, douches, bains, \u00e9viers, lavabos, etc.)<\/li><li>Service de drain<\/li><li>Inspection de drain par cam\u00e9ra<\/li><li>Protection contre le refoulement d'\u00e9gouts<\/li><li>Filtration d'eau<\/li><li>infiltration d'eau<\/li><li>Remplacement de l'entr\u00e9e d'eau et de la bouche d'\u00e9gout<\/li><li>Installation de d\u00e9tendeurs-r\u00e9gulateurs de pression et de compteurs d'eau<\/li><li>R\u00e9parations et services commerciaux<\/li><li>R\u00e9novations commerciaux<\/li><li>Installation de syst\u00e8me de chauffage<\/li><li>R\u00e9paration et service au syst\u00e8me de chauffage<\/li><li>Installation de tuyauterie de gaz<\/li><li>R\u00e9paration et remplacement de chauffe-eau<\/li><li>Rapports d'assurances et d'inspection<\/li><\/ul><p>James Griffin &amp; Son is committed to offering quick, reliable, and professional service.We have been proudly serving Montreal for over 100 years. <a href=\"https:\/\/jamesgriffin.ca\/about\/\">Click here<\/a> to learn about our history<\/p>","protected":false},"excerpt":{"rendered":"<p>Montreal Plumbing and Heating Services James Griffin &amp; Son offers top-quality Montreal plumbing and heating services. Depend on us for: Residential plumbing repairs Residential renovations Installation and repair of high-end plumbing fixtures Antique faucet repair Service of all types of residential plumbing fixtures (ex: water closet, showers, baths, sinks, etc.) Drain service Drain camera inspection&hellip;<\/p>","protected":false},"author":1,"featured_media":45,"parent":0,"menu_order":0,"comment_status":"closed","ping_status":"closed","template":"","meta":{"_coblocks_attr":"","_coblocks_dimensions":"","_coblocks_responsive_height":"","_coblocks_accordion_ie_support":"","footnotes":""},"class_list":["post-12","page","type-page","status-publish","has-post-thumbnail","hentry"],"yoast_head":"<!-- This site is optimized with the Yoast SEO plugin v27.5 - https:\/\/yoast.com\/product\/yoast-seo-wordpress\/ -->\n<title>Plumbing Services - James Griffin &amp; Son LTD<\/title>\n<meta name=\"description\" content=\"We provide top quality Plumbing Services for both residential and commercial areas in Montreal. Read more\" \/>\n<meta name=\"robots\" content=\"index, follow, max-snippet:-1, max-image-preview:large, max-video-preview:-1\" \/>\n<link rel=\"canonical\" href=\"https:\/\/jamesgriffin.ca\/fr\/services\/\" \/>\n<meta property=\"og:locale\" content=\"fr_CA\" \/>\n<meta property=\"og:type\" content=\"article\" \/>\n<meta property=\"og:title\" content=\"Plumbing Services - James Griffin &amp; Son LTD\" \/>\n<meta property=\"og:description\" content=\"We provide top quality Plumbing Services for both residential and commercial areas in Montreal. Read more\" \/>\n<meta property=\"og:url\" content=\"https:\/\/jamesgriffin.ca\/fr\/services\/\" \/>\n<meta property=\"og:site_name\" content=\"James Griffin &amp; Son LTD\" \/>\n<meta property=\"article:modified_time\" content=\"2022-10-11T14:48:09+00:00\" \/>\n<meta property=\"og:image\" content=\"https:\/\/jamesgriffin.ca\/wp-content\/uploads\/2022\/10\/banner-van.jpeg\" \/>\n\t<meta property=\"og:image:width\" content=\"878\" \/>\n\t<meta property=\"og:image:height\" content=\"414\" \/>\n\t<meta property=\"og:image:type\" content=\"image\/jpeg\" \/>\n<meta name=\"twitter:card\" content=\"summary_large_image\" \/>\n<meta name=\"twitter:label1\" content=\"Estimation du temps de lecture\" \/>\n\t<meta name=\"twitter:data1\" content=\"1 minute\" \/>\n<script type=\"application\/ld+json\" class=\"yoast-schema-graph\">{\"@context\":\"https:\\\/\\\/schema.org\",\"@graph\":[{\"@type\":\"WebPage\",\"@id\":\"https:\\\/\\\/jamesgriffin.ca\\\/services\\\/\",\"url\":\"https:\\\/\\\/jamesgriffin.ca\\\/services\\\/\",\"name\":\"Plumbing Services - James Griffin &amp; Son LTD\",\"isPartOf\":{\"@id\":\"http:\\\/\\\/rpq.7da.myftpupload.com\\\/#website\"},\"primaryImageOfPage\":{\"@id\":\"https:\\\/\\\/jamesgriffin.ca\\\/services\\\/#primaryimage\"},\"image\":{\"@id\":\"https:\\\/\\\/jamesgriffin.ca\\\/services\\\/#primaryimage\"},\"thumbnailUrl\":\"https:\\\/\\\/jamesgriffin.ca\\\/wp-content\\\/uploads\\\/2022\\\/10\\\/banner-van.jpeg\",\"datePublished\":\"2022-09-29T17:29:26+00:00\",\"dateModified\":\"2022-10-11T14:48:09+00:00\",\"description\":\"We provide top quality Plumbing Services for both residential and commercial areas in Montreal. Read more\",\"breadcrumb\":{\"@id\":\"https:\\\/\\\/jamesgriffin.ca\\\/services\\\/#breadcrumb\"},\"inLanguage\":\"fr-CA\",\"potentialAction\":[{\"@type\":\"ReadAction\",\"target\":[\"https:\\\/\\\/jamesgriffin.ca\\\/services\\\/\"]}]},{\"@type\":\"ImageObject\",\"inLanguage\":\"fr-CA\",\"@id\":\"https:\\\/\\\/jamesgriffin.ca\\\/services\\\/#primaryimage\",\"url\":\"https:\\\/\\\/jamesgriffin.ca\\\/wp-content\\\/uploads\\\/2022\\\/10\\\/banner-van.jpeg\",\"contentUrl\":\"https:\\\/\\\/jamesgriffin.ca\\\/wp-content\\\/uploads\\\/2022\\\/10\\\/banner-van.jpeg\",\"width\":878,\"height\":414,\"caption\":\"Commercial van speeding\"},{\"@type\":\"BreadcrumbList\",\"@id\":\"https:\\\/\\\/jamesgriffin.ca\\\/services\\\/#breadcrumb\",\"itemListElement\":[{\"@type\":\"ListItem\",\"position\":1,\"name\":\"Home\",\"item\":\"https:\\\/\\\/jamesgriffin.ca\\\/\"},{\"@type\":\"ListItem\",\"position\":2,\"name\":\"Services\"}]},{\"@type\":\"WebSite\",\"@id\":\"http:\\\/\\\/rpq.7da.myftpupload.com\\\/#website\",\"url\":\"http:\\\/\\\/rpq.7da.myftpupload.com\\\/\",\"name\":\"James Griffin &amp; Son LTD\",\"description\":\"Serving Your Community Since 1900s\",\"publisher\":{\"@id\":\"http:\\\/\\\/rpq.7da.myftpupload.com\\\/#organization\"},\"potentialAction\":[{\"@type\":\"SearchAction\",\"target\":{\"@type\":\"EntryPoint\",\"urlTemplate\":\"http:\\\/\\\/rpq.7da.myftpupload.com\\\/?s={search_term_string}\"},\"query-input\":{\"@type\":\"PropertyValueSpecification\",\"valueRequired\":true,\"valueName\":\"search_term_string\"}}],\"inLanguage\":\"fr-CA\"},{\"@type\":\"Organization\",\"@id\":\"http:\\\/\\\/rpq.7da.myftpupload.com\\\/#organization\",\"name\":\"James Griffin & Son LTD\",\"url\":\"http:\\\/\\\/rpq.7da.myftpupload.com\\\/\",\"logo\":{\"@type\":\"ImageObject\",\"inLanguage\":\"fr-CA\",\"@id\":\"http:\\\/\\\/rpq.7da.myftpupload.com\\\/#\\\/schema\\\/logo\\\/image\\\/\",\"url\":\"https:\\\/\\\/jamesgriffin.ca\\\/wp-content\\\/uploads\\\/2022\\\/10\\\/James-logo-1.png\",\"contentUrl\":\"https:\\\/\\\/jamesgriffin.ca\\\/wp-content\\\/uploads\\\/2022\\\/10\\\/James-logo-1.png\",\"width\":492,\"height\":112,\"caption\":\"James Griffin & Son LTD\"},\"image\":{\"@id\":\"http:\\\/\\\/rpq.7da.myftpupload.com\\\/#\\\/schema\\\/logo\\\/image\\\/\"}}]}<\/script>\n<!-- \/ Yoast SEO plugin. -->","yoast_head_json":{"title":"Plumbing Services - James Griffin &amp; Son LTD","description":"We provide top quality Plumbing Services for both residential and commercial areas in Montreal. Read more","robots":{"index":"index","follow":"follow","max-snippet":"max-snippet:-1","max-image-preview":"max-image-preview:large","max-video-preview":"max-video-preview:-1"},"canonical":"https:\/\/jamesgriffin.ca\/fr\/services\/","og_locale":"fr_CA","og_type":"article","og_title":"Plumbing Services - James Griffin &amp; Son LTD","og_description":"We provide top quality Plumbing Services for both residential and commercial areas in Montreal. Read more","og_url":"https:\/\/jamesgriffin.ca\/fr\/services\/","og_site_name":"James Griffin &amp; Son LTD","article_modified_time":"2022-10-11T14:48:09+00:00","og_image":[{"width":878,"height":414,"url":"https:\/\/jamesgriffin.ca\/wp-content\/uploads\/2022\/10\/banner-van.jpeg","type":"image\/jpeg"}],"twitter_card":"summary_large_image","twitter_misc":{"Estimation du temps de lecture":"1 minute"},"schema":{"@context":"https:\/\/schema.org","@graph":[{"@type":"WebPage","@id":"https:\/\/jamesgriffin.ca\/services\/","url":"https:\/\/jamesgriffin.ca\/services\/","name":"Plumbing Services - James Griffin &amp; Son LTD","isPartOf":{"@id":"http:\/\/rpq.7da.myftpupload.com\/#website"},"primaryImageOfPage":{"@id":"https:\/\/jamesgriffin.ca\/services\/#primaryimage"},"image":{"@id":"https:\/\/jamesgriffin.ca\/services\/#primaryimage"},"thumbnailUrl":"https:\/\/jamesgriffin.ca\/wp-content\/uploads\/2022\/10\/banner-van.jpeg","datePublished":"2022-09-29T17:29:26+00:00","dateModified":"2022-10-11T14:48:09+00:00","description":"We provide top quality Plumbing Services for both residential and commercial areas in Montreal. Read more","breadcrumb":{"@id":"https:\/\/jamesgriffin.ca\/services\/#breadcrumb"},"inLanguage":"fr-CA","potentialAction":[{"@type":"ReadAction","target":["https:\/\/jamesgriffin.ca\/services\/"]}]},{"@type":"ImageObject","inLanguage":"fr-CA","@id":"https:\/\/jamesgriffin.ca\/services\/#primaryimage","url":"https:\/\/jamesgriffin.ca\/wp-content\/uploads\/2022\/10\/banner-van.jpeg","contentUrl":"https:\/\/jamesgriffin.ca\/wp-content\/uploads\/2022\/10\/banner-van.jpeg","width":878,"height":414,"caption":"Commercial van speeding"},{"@type":"BreadcrumbList","@id":"https:\/\/jamesgriffin.ca\/services\/#breadcrumb","itemListElement":[{"@type":"ListItem","position":1,"name":"Home","item":"https:\/\/jamesgriffin.ca\/"},{"@type":"ListItem","position":2,"name":"Services"}]},{"@type":"WebSite","@id":"http:\/\/rpq.7da.myftpupload.com\/#website","url":"http:\/\/rpq.7da.myftpupload.com\/","name":"James Griffin &amp; Son LTD","description":"Serving Your Community Since 1900s","publisher":{"@id":"http:\/\/rpq.7da.myftpupload.com\/#organization"},"potentialAction":[{"@type":"SearchAction","target":{"@type":"EntryPoint","urlTemplate":"http:\/\/rpq.7da.myftpupload.com\/?s={search_term_string}"},"query-input":{"@type":"PropertyValueSpecification","valueRequired":true,"valueName":"search_term_string"}}],"inLanguage":"fr-CA"},{"@type":"Organization","@id":"http:\/\/rpq.7da.myftpupload.com\/#organization","name":"James Griffin & Son LTD","url":"http:\/\/rpq.7da.myftpupload.com\/","logo":{"@type":"ImageObject","inLanguage":"fr-CA","@id":"http:\/\/rpq.7da.myftpupload.com\/#\/schema\/logo\/image\/","url":"https:\/\/jamesgriffin.ca\/wp-content\/uploads\/2022\/10\/James-logo-1.png","contentUrl":"https:\/\/jamesgriffin.ca\/wp-content\/uploads\/2022\/10\/James-logo-1.png","width":492,"height":112,"caption":"James Griffin & Son LTD"},"image":{"@id":"http:\/\/rpq.7da.myftpupload.com\/#\/schema\/logo\/image\/"}}]}},"_links":{"self":[{"href":"https:\/\/jamesgriffin.ca\/fr\/wp-json\/wp\/v2\/pages\/12","targetHints":{"allow":["GET"]}}],"collection":[{"href":"https:\/\/jamesgriffin.ca\/fr\/wp-json\/wp\/v2\/pages"}],"about":[{"href":"https:\/\/jamesgriffin.ca\/fr\/wp-json\/wp\/v2\/types\/page"}],"author":[{"embeddable":true,"href":"https:\/\/jamesgriffin.ca\/fr\/wp-json\/wp\/v2\/users\/1"}],"replies":[{"embeddable":true,"href":"https:\/\/jamesgriffin.ca\/fr\/wp-json\/wp\/v2\/comments?post=12"}],"version-history":[{"count":5,"href":"https:\/\/jamesgriffin.ca\/fr\/wp-json\/wp\/v2\/pages\/12\/revisions"}],"predecessor-version":[{"id":220,"href":"https:\/\/jamesgriffin.ca\/fr\/wp-json\/wp\/v2\/pages\/12\/revisions\/220"}],"wp:featuredmedia":[{"embeddable":true,"href":"https:\/\/jamesgriffin.ca\/fr\/wp-json\/wp\/v2\/media\/45"}],"wp:attachment":[{"href":"https:\/\/jamesgriffin.ca\/fr\/wp-json\/wp\/v2\/media?parent=12"}],"curies":[{"name":"wp","href":"https:\/\/api.w.org\/{rel}","templated":true}]}}